{"id":298,"date":"2022-05-05T19:56:39","date_gmt":"2022-05-05T19:56:39","guid":{"rendered":"https:\/\/sebareserve.com\/?page_id=298"},"modified":"2022-09-28T23:02:39","modified_gmt":"2022-09-28T23:02:39","slug":"about-us","status":"publish","type":"page","link":"https:\/\/sebareserve.com\/en\/about-us\/","title":{"rendered":"ABOUT US"},"content":{"rendered":"<p><div class=\"fusion-fullwidth fullwidth-box fusion-builder-row-1 fusion-flex-container hundred-percent-fullwidth non-hundred-percent-height-scrolling fusion-animated\" style=\"background-color: rgba(255,255,255,0);background-position: center center;background-repeat: no-repeat;border-width: 0px 0px 0px 0px;border-color:#e2e2e2;border-style:solid;\" data-animationtype=\"fadeIn\" data-animationduration=\"4.0\" data-animationoffset=\"top-into-view\" ><div class=\"fusion-builder-row fusion-row fusion-flex-align-items-flex-start\" style=\"width:104% !important;max-width:104% !important;margin-left: calc(-4% \/ 2 );margin-right: calc(-4% \/ 2 );\"><div class=\"fusion-layout-column fusion_builder_column fusion-builder-column-0 fusion_builder_column_1_6 1_6 fusion-flex-column fusion-no-small-visibility\"><div class=\"fusion-column-wrapper fusion-flex-justify-content-flex-start fusion-content-layout-column\" style=\"background-position:left top;background-repeat:no-repeat;-webkit-background-size:cover;-moz-background-size:cover;-o-background-size:cover;background-size:cover;padding: 0px 0px 0px 0px;\"><\/div><style type=\"text\/css\">.fusion-body .fusion-builder-column-0{width:16.666666666667% !important;margin-top : 0px;margin-bottom : 20px;}.fusion-builder-column-0 > .fusion-column-wrapper {padding-top : 0px !important;padding-right : 0px !important;margin-right : 11.52%;padding-bottom : 0px !important;padding-left : 0px !important;margin-left : 11.52%;}@media only screen and (max-width:1024px) {.fusion-body .fusion-builder-column-0{width:16.666666666667% !important;order : 0;}.fusion-builder-column-0 > .fusion-column-wrapper {margin-right : 11.52%;margin-left : 11.52%;}}@media only screen and (max-width:640px) {.fusion-body .fusion-builder-column-0{width:100% !important;order : 0;}.fusion-builder-column-0 > .fusion-column-wrapper {margin-right : 1.92%;margin-left : 1.92%;}}<\/style><\/div><div class=\"fusion-layout-column fusion_builder_column fusion-builder-column-1 fusion_builder_column_2_3 2_3 fusion-flex-column\"><div class=\"fusion-column-wrapper fusion-flex-justify-content-flex-start fusion-content-layout-column\" style=\"background-position:left top;background-repeat:no-repeat;-webkit-background-size:cover;-moz-background-size:cover;-o-background-size:cover;background-size:cover;padding: 135px 0px 0px 0px;\"><style type=\"text\/css\">@media only screen and (max-width:1024px) {.fusion-title.fusion-title-1{margin-top:10px!important; margin-right:0px!important;margin-bottom:15px!important;margin-left:0px!important;}}@media only screen and (max-width:640px) {.fusion-title.fusion-title-1{margin-top:10px!important; margin-right:0px!important;margin-bottom:10px!important; margin-left:0px!important;}}<\/style><div class=\"fusion-title title fusion-title-1 fusion-sep-none fusion-title-center fusion-title-text fusion-title-size-one\" style=\"font-size:27PX;margin-top:10px;margin-right:0px;margin-bottom:15px;margin-left:0px;\"><h1 class=\"title-heading-center\" style=\"font-family:&quot;Times Roman 01&quot;;margin:0;font-size:1em;letter-spacing:2.5px;text-transform:uppercase;color:#9d8560;\">Seba Construction<\/h1><\/div><div class=\"fusion-text fusion-text-1\" style=\"font-size:16px;color:#858686;font-family:&quot;Times Roman 01&quot;;margin-top:35px;\"><p style=\"text-align: center; font-size: 17px;\" data-fusion-font=\"true\">Shaping Lives for 28 years\u2026<\/p>\n<\/div><div class=\"fusion-text fusion-text-2\" style=\"font-size:14px;line-height:1.4;color:#858686;font-family:&quot;Times Roman 01&quot;;margin-top:20px;\"><p style=\"text-align: center; font-size: 15px;\" data-fusion-font=\"true\">Since its establishment, Seba Construction has been producing value, not buildings, with numerous high-end projects in property development, tourism and the business world. The company has realised projects bearing the signature of internationally renowned architects and engineers, which evokes admiration through their style and their use of modern technology coupled with an approach that does not compromise on quality.<\/p>\n<\/div><div class=\"fusion-text fusion-text-3\" style=\"font-size:14px;line-height:1.4;color:#858686;font-family:&quot;Times Roman 01&quot;;margin-top:10px;\"><p style=\"text-align: center; font-size: 15px;\" data-fusion-font=\"true\">Seba Construction continues to deliver modern, luxurious and privileged lifestyles with its projects, spanning all over the country with a special focus on Istanbul. The development of Seba Reserve, one of its most prestigious projects, offers a philosophy for life, far beyond a residential project, within the heart of nature and in the most eye-catching neighborhood of G\u00f6kt\u00fcrk.<\/p>\n<\/div><\/div><style type=\"text\/css\">.fusion-body .fusion-builder-column-1{width:66.666666666667% !important;margin-top : 0px;margin-bottom : 135px;}.fusion-builder-column-1 > .fusion-column-wrapper {padding-top : 135px !important;padding-right : 0px !important;margin-right : 5.76%;padding-bottom : 0px !important;padding-left : 0px !important;margin-left : 5.76%;}@media only screen and (max-width:1024px) {.fusion-body .fusion-builder-column-1{width:66.666666666667% !important;order : 0;}.fusion-builder-column-1 > .fusion-column-wrapper {margin-right : 5.76%;margin-left : 5.76%;}}@media only screen and (max-width:640px) {.fusion-body .fusion-builder-column-1{width:100% !important;order : 0;margin-bottom : 90px;}.fusion-builder-column-1 > .fusion-column-wrapper {padding-top : 89px !important;padding-right : 11px !important;margin-right : 1.92%;padding-left : 11px !important;margin-left : 1.92%;}}<\/style><\/div><div class=\"fusion-layout-column fusion_builder_column fusion-builder-column-2 fusion_builder_column_1_6 1_6 fusion-flex-column fusion-no-small-visibility\"><div class=\"fusion-column-wrapper fusion-flex-justify-content-flex-start fusion-content-layout-column\" style=\"background-position:left top;background-repeat:no-repeat;-webkit-background-size:cover;-moz-background-size:cover;-o-background-size:cover;background-size:cover;padding: 0px 0px 0px 0px;\"><\/div><style type=\"text\/css\">.fusion-body .fusion-builder-column-2{width:16.666666666667% !important;margin-top : 0px;margin-bottom : 20px;}.fusion-builder-column-2 > .fusion-column-wrapper {padding-top : 0px !important;padding-right : 0px !important;margin-right : 11.52%;padding-bottom : 0px !important;padding-left : 0px !important;margin-left : 11.52%;}@media only screen and (max-width:1024px) {.fusion-body .fusion-builder-column-2{width:16.666666666667% !important;order : 0;}.fusion-builder-column-2 > .fusion-column-wrapper {margin-right : 11.52%;margin-left : 11.52%;}}@media only screen and (max-width:640px) {.fusion-body .fusion-builder-column-2{width:100% !important;order : 0;}.fusion-builder-column-2 > .fusion-column-wrapper {margin-right : 1.92%;margin-left : 1.92%;}}<\/style><\/div><\/div><style type=\"text\/css\">.fusion-body .fusion-flex-container.fusion-builder-row-1{ padding-top : 93px;margin-top : 0px;padding-right : 0px;padding-bottom : 0px;margin-bottom : 0px;padding-left : 0px;}<\/style><\/div><div class=\"fusion-fullwidth fullwidth-box fusion-builder-row-2 fusion-flex-container hundred-percent-fullwidth non-hundred-percent-height-scrolling fusion-animated\" style=\"background-color: rgba(255,255,255,0);background-position: center center;background-repeat: no-repeat;border-width: 0px 0px 0px 0px;border-color:#e2e2e2;border-style:solid;\" data-animationtype=\"fadeIn\" data-animationduration=\"4.0\" data-animationoffset=\"top-into-view\" ><div class=\"fusion-builder-row fusion-row fusion-flex-align-items-flex-start\" style=\"width:104% !important;max-width:104% !important;margin-left: calc(-4% \/ 2 );margin-right: calc(-4% \/ 2 );\"><div class=\"fusion-layout-column fusion_builder_column fusion-builder-column-3 fusion_builder_column_1_6 1_6 fusion-flex-column fusion-no-small-visibility\"><div class=\"fusion-column-wrapper fusion-flex-justify-content-flex-start fusion-content-layout-column\" style=\"background-position:left top;background-repeat:no-repeat;-webkit-background-size:cover;-moz-background-size:cover;-o-background-size:cover;background-size:cover;padding: 0px 0px 0px 0px;\"><\/div><style type=\"text\/css\">.fusion-body .fusion-builder-column-3{width:16.666666666667% !important;margin-top : 0px;margin-bottom : 20px;}.fusion-builder-column-3 > .fusion-column-wrapper {padding-top : 0px !important;padding-right : 0px !important;margin-right : 11.52%;padding-bottom : 0px !important;padding-left : 0px !important;margin-left : 11.52%;}@media only screen and (max-width:1024px) {.fusion-body .fusion-builder-column-3{width:16.666666666667% !important;order : 0;}.fusion-builder-column-3 > .fusion-column-wrapper {margin-right : 11.52%;margin-left : 11.52%;}}@media only screen and (max-width:640px) {.fusion-body .fusion-builder-column-3{width:100% !important;order : 0;}.fusion-builder-column-3 > .fusion-column-wrapper {margin-right : 1.92%;margin-left : 1.92%;}}<\/style><\/div><div class=\"fusion-layout-column fusion_builder_column fusion-builder-column-4 fusion_builder_column_2_3 2_3 fusion-flex-column\"><div class=\"fusion-column-wrapper fusion-flex-justify-content-flex-start fusion-content-layout-column\" style=\"background-position:left top;background-repeat:no-repeat;-webkit-background-size:cover;-moz-background-size:cover;-o-background-size:cover;background-size:cover;padding: 0px 0px 0px 0px;\"><style type=\"text\/css\">@media only screen and (max-width:1024px) {.fusion-title.fusion-title-2{margin-top:10px!important; margin-right:0px!important;margin-bottom:15px!important;margin-left:0px!important;}}@media only screen and (max-width:640px) {.fusion-title.fusion-title-2{margin-top:10px!important; margin-right:0px!important;margin-bottom:10px!important; margin-left:0px!important;}}<\/style><div class=\"fusion-title title fusion-title-2 fusion-sep-none fusion-title-center fusion-title-text fusion-title-size-one\" style=\"font-size:27PX;margin-top:10px;margin-right:0px;margin-bottom:15px;margin-left:0px;\"><h1 class=\"title-heading-center\" style=\"font-family:&quot;Times Roman 01&quot;;margin:0;font-size:1em;letter-spacing:2.5px;text-transform:uppercase;color:#9d8560;\">\u0130K\u0130 DG<\/h1><\/div><div class=\"fusion-text fusion-text-4\" style=\"font-size:14px;line-height:1.4;color:#858686;font-family:&quot;Times Roman 01&quot;;margin-top:35px;\"><p style=\"text-align: center; font-size: 15px;\" data-fusion-font=\"true\">\u0130ki design group was established in 1995 by Murat Kader and Sema Eser \u00d6zsaruhan as an architecture and design platform. Since that date, the group has been contributing to modern architecture in Turkey. \u0130ki design group addresses a holistic design understanding and forges a multidisciplinary working environment where individual capabilities compliment and energize each other.<\/p>\n<p style=\"text-align: center; font-size: 15px;\" data-fusion-font=\"true\">The team holds the belief that delivering better buildings and spaces to society has a direct influence on the happiness of its people. The group is dedicated to develop dynamic and interactive spaces that are sensitive to their cultural background and environmental conditions. Seba Reserve is designed as a timeless development adhering to all aspired goals.<\/p>\n<p style=\"text-align: center; font-size: 15px;\" data-fusion-font=\"true\">The ultimate aim is to enrich social life by sharing ideas, knowledge and imagination. The journey of the Seba Reserve design process has remained true to these principles and established a modern communication with its environment and society.\nBeing a part of this exclusive project, spending time together, breathing together, will always be special.<\/p>\n<\/div><\/div><style type=\"text\/css\">.fusion-body .fusion-builder-column-4{width:66.666666666667% !important;margin-top : 0px;margin-bottom : 135px;}.fusion-builder-column-4 > .fusion-column-wrapper {padding-top : 0px !important;padding-right : 0px !important;margin-right : 5.76%;padding-bottom : 0px !important;padding-left : 0px !important;margin-left : 5.76%;}@media only screen and (max-width:1024px) {.fusion-body .fusion-builder-column-4{width:66.666666666667% !important;order : 0;}.fusion-builder-column-4 > .fusion-column-wrapper {margin-right : 5.76%;margin-left : 5.76%;}}@media only screen and (max-width:640px) {.fusion-body .fusion-builder-column-4{width:100% !important;order : 0;}.fusion-builder-column-4 > .fusion-column-wrapper {padding-right : 11px !important;margin-right : 1.92%;padding-left : 11px !important;margin-left : 1.92%;}}<\/style><\/div><div class=\"fusion-layout-column fusion_builder_column fusion-builder-column-5 fusion_builder_column_1_6 1_6 fusion-flex-column\"><div class=\"fusion-column-wrapper fusion-flex-justify-content-flex-start fusion-content-layout-column\" style=\"background-position:left top;background-repeat:no-repeat;-webkit-background-size:cover;-moz-background-size:cover;-o-background-size:cover;background-size:cover;padding: 0px 0px 0px 0px;\"><\/div><style type=\"text\/css\">.fusion-body .fusion-builder-column-5{width:16.666666666667% !important;margin-top : 0px;margin-bottom : 20px;}.fusion-builder-column-5 > .fusion-column-wrapper {padding-top : 0px !important;padding-right : 0px !important;margin-right : 11.52%;padding-bottom : 0px !important;padding-left : 0px !important;margin-left : 11.52%;}@media only screen and (max-width:1024px) {.fusion-body .fusion-builder-column-5{width:16.666666666667% !important;order : 0;}.fusion-builder-column-5 > .fusion-column-wrapper {margin-right : 11.52%;margin-left : 11.52%;}}@media only screen and (max-width:640px) {.fusion-body .fusion-builder-column-5{width:100% !important;order : 0;}.fusion-builder-column-5 > .fusion-column-wrapper {margin-right : 1.92%;margin-left : 1.92%;}}<\/style><\/div><\/div><style type=\"text\/css\">.fusion-body .fusion-flex-container.fusion-builder-row-2{ padding-top : 0px;margin-top : 0px;padding-right : 0px;padding-bottom : 0px;margin-bottom : 0px;padding-left : 0px;}<\/style><\/div><\/p>","protected":false},"excerpt":{"rendered":"","protected":false},"author":2,"featured_media":0,"parent":0,"menu_order":0,"comment_status":"closed","ping_status":"closed","template":"100-width.php","meta":[],"yoast_head":"<!-- This site is optimized with the Yoast SEO plugin v19.7.1 - https:\/\/yoast.com\/wordpress\/plugins\/seo\/ -->\n<title>Seba Reserve - Hakk\u0131m\u0131zda<\/title>\n<meta name=\"description\" content=\"Seba \u0130n\u015faat; kuruldu\u011fu g\u00fcnden bu yana konut, turizm ve i\u015f d\u00fcnyas\u0131nda say\u0131s\u0131z \u00fcst d\u00fczey projeyle bina de\u011fil, de\u011fer \u00fcretmektedir.\" \/>\n<meta name=\"robots\" content=\"index, follow, max-snippet:-1, max-image-preview:large, max-video-preview:-1\" \/>\n<link rel=\"canonical\" href=\"https:\/\/sebareserve.com\/en\/about-us\/\" \/>\n<meta property=\"og:locale\" content=\"en_GB\" \/>\n<meta property=\"og:type\" content=\"article\" \/>\n<meta property=\"og:title\" content=\"Seba Reserve - Hakk\u0131m\u0131zda\" \/>\n<meta property=\"og:description\" content=\"Seba \u0130n\u015faat; kuruldu\u011fu g\u00fcnden bu yana konut, turizm ve i\u015f d\u00fcnyas\u0131nda say\u0131s\u0131z \u00fcst d\u00fczey projeyle bina de\u011fil, de\u011fer \u00fcretmektedir.\" \/>\n<meta property=\"og:url\" content=\"https:\/\/sebareserve.com\/en\/about-us\/\" \/>\n<meta property=\"og:site_name\" content=\"Seba Reserve\" \/>\n<meta property=\"article:publisher\" content=\"https:\/\/www.facebook.com\/sebainsaat\" \/>\n<meta property=\"article:modified_time\" content=\"2022-09-28T23:02:39+00:00\" \/>\n<meta name=\"twitter:card\" content=\"summary_large_image\" \/>\n<meta name=\"twitter:label1\" content=\"Estimated reading time\" \/>\n\t<meta name=\"twitter:data1\" content=\"4 minutes\" \/>\n<script type=\"application\/ld+json\" class=\"yoast-schema-graph\">{\"@context\":\"https:\/\/schema.org\",\"@graph\":[{\"@type\":\"WebPage\",\"@id\":\"https:\/\/sebareserve.com\/about-us\/\",\"url\":\"https:\/\/sebareserve.com\/about-us\/\",\"name\":\"Seba Reserve - Hakk\u0131m\u0131zda\",\"isPartOf\":{\"@id\":\"https:\/\/sebareserve.com\/#website\"},\"datePublished\":\"2022-05-05T19:56:39+00:00\",\"dateModified\":\"2022-09-28T23:02:39+00:00\",\"description\":\"Seba \u0130n\u015faat; kuruldu\u011fu g\u00fcnden bu yana konut, turizm ve i\u015f d\u00fcnyas\u0131nda say\u0131s\u0131z \u00fcst d\u00fczey projeyle bina de\u011fil, de\u011fer \u00fcretmektedir.\",\"breadcrumb\":{\"@id\":\"https:\/\/sebareserve.com\/about-us\/#breadcrumb\"},\"inLanguage\":\"en-GB\",\"potentialAction\":[{\"@type\":\"ReadAction\",\"target\":[\"https:\/\/sebareserve.com\/about-us\/\"]}]},{\"@type\":\"BreadcrumbList\",\"@id\":\"https:\/\/sebareserve.com\/about-us\/#breadcrumb\",\"itemListElement\":[{\"@type\":\"ListItem\",\"position\":1,\"name\":\"Home\",\"item\":\"https:\/\/sebareserve.com\/\"},{\"@type\":\"ListItem\",\"position\":2,\"name\":\"HAKKIMIZDA\"}]},{\"@type\":\"WebSite\",\"@id\":\"https:\/\/sebareserve.com\/#website\",\"url\":\"https:\/\/sebareserve.com\/\",\"name\":\"Seba Reserve\",\"description\":\"Seba Reserve\",\"publisher\":{\"@id\":\"https:\/\/sebareserve.com\/#organization\"},\"potentialAction\":[{\"@type\":\"SearchAction\",\"target\":{\"@type\":\"EntryPoint\",\"urlTemplate\":\"https:\/\/sebareserve.com\/?s={search_term_string}\"},\"query-input\":\"required name=search_term_string\"}],\"inLanguage\":\"en-GB\"},{\"@type\":\"Organization\",\"@id\":\"https:\/\/sebareserve.com\/#organization\",\"name\":\"Seba Reserve G\u00f6kt\u00fcrk\",\"url\":\"https:\/\/sebareserve.com\/\",\"sameAs\":[\"https:\/\/www.instagram.com\/sebainsaat\/\",\"https:\/\/tr.linkedin.com\/company\/seba-inaat\",\"https:\/\/www.facebook.com\/sebainsaat\"],\"logo\":{\"@type\":\"ImageObject\",\"inLanguage\":\"en-GB\",\"@id\":\"https:\/\/sebareserve.com\/#\/schema\/logo\/image\/\",\"url\":\"https:\/\/sebareserve.com\/wp-content\/uploads\/2022\/05\/Asset-1@20x-1.png\",\"contentUrl\":\"https:\/\/sebareserve.com\/wp-content\/uploads\/2022\/05\/Asset-1@20x-1.png\",\"width\":1644,\"height\":310,\"caption\":\"Seba Reserve G\u00f6kt\u00fcrk\"},\"image\":{\"@id\":\"https:\/\/sebareserve.com\/#\/schema\/logo\/image\/\"}}]}<\/script>\n<!-- \/ Yoast SEO plugin. -->","yoast_head_json":{"title":"Seba Reserve - Hakk\u0131m\u0131zda","description":"Seba \u0130n\u015faat; kuruldu\u011fu g\u00fcnden bu yana konut, turizm ve i\u015f d\u00fcnyas\u0131nda say\u0131s\u0131z \u00fcst d\u00fczey projeyle bina de\u011fil, de\u011fer \u00fcretmektedir.","robots":{"index":"index","follow":"follow","max-snippet":"max-snippet:-1","max-image-preview":"max-image-preview:large","max-video-preview":"max-video-preview:-1"},"canonical":"https:\/\/sebareserve.com\/en\/about-us\/","og_locale":"en_GB","og_type":"article","og_title":"Seba Reserve - Hakk\u0131m\u0131zda","og_description":"Seba \u0130n\u015faat; kuruldu\u011fu g\u00fcnden bu yana konut, turizm ve i\u015f d\u00fcnyas\u0131nda say\u0131s\u0131z \u00fcst d\u00fczey projeyle bina de\u011fil, de\u011fer \u00fcretmektedir.","og_url":"https:\/\/sebareserve.com\/en\/about-us\/","og_site_name":"Seba Reserve","article_publisher":"https:\/\/www.facebook.com\/sebainsaat","article_modified_time":"2022-09-28T23:02:39+00:00","twitter_card":"summary_large_image","twitter_misc":{"Estimated reading time":"4 minutes"},"schema":{"@context":"https:\/\/schema.org","@graph":[{"@type":"WebPage","@id":"https:\/\/sebareserve.com\/about-us\/","url":"https:\/\/sebareserve.com\/about-us\/","name":"Seba Reserve - Hakk\u0131m\u0131zda","isPartOf":{"@id":"https:\/\/sebareserve.com\/#website"},"datePublished":"2022-05-05T19:56:39+00:00","dateModified":"2022-09-28T23:02:39+00:00","description":"Seba \u0130n\u015faat; kuruldu\u011fu g\u00fcnden bu yana konut, turizm ve i\u015f d\u00fcnyas\u0131nda say\u0131s\u0131z \u00fcst d\u00fczey projeyle bina de\u011fil, de\u011fer \u00fcretmektedir.","breadcrumb":{"@id":"https:\/\/sebareserve.com\/about-us\/#breadcrumb"},"inLanguage":"en-GB","potentialAction":[{"@type":"ReadAction","target":["https:\/\/sebareserve.com\/about-us\/"]}]},{"@type":"BreadcrumbList","@id":"https:\/\/sebareserve.com\/about-us\/#breadcrumb","itemListElement":[{"@type":"ListItem","position":1,"name":"Home","item":"https:\/\/sebareserve.com\/"},{"@type":"ListItem","position":2,"name":"HAKKIMIZDA"}]},{"@type":"WebSite","@id":"https:\/\/sebareserve.com\/#website","url":"https:\/\/sebareserve.com\/","name":"Seba Reserve","description":"Seba Reserve","publisher":{"@id":"https:\/\/sebareserve.com\/#organization"},"potentialAction":[{"@type":"SearchAction","target":{"@type":"EntryPoint","urlTemplate":"https:\/\/sebareserve.com\/?s={search_term_string}"},"query-input":"required name=search_term_string"}],"inLanguage":"en-GB"},{"@type":"Organization","@id":"https:\/\/sebareserve.com\/#organization","name":"Seba Reserve G\u00f6kt\u00fcrk","url":"https:\/\/sebareserve.com\/","sameAs":["https:\/\/www.instagram.com\/sebainsaat\/","https:\/\/tr.linkedin.com\/company\/seba-inaat","https:\/\/www.facebook.com\/sebainsaat"],"logo":{"@type":"ImageObject","inLanguage":"en-GB","@id":"https:\/\/sebareserve.com\/#\/schema\/logo\/image\/","url":"https:\/\/sebareserve.com\/wp-content\/uploads\/2022\/05\/Asset-1@20x-1.png","contentUrl":"https:\/\/sebareserve.com\/wp-content\/uploads\/2022\/05\/Asset-1@20x-1.png","width":1644,"height":310,"caption":"Seba Reserve G\u00f6kt\u00fcrk"},"image":{"@id":"https:\/\/sebareserve.com\/#\/schema\/logo\/image\/"}}]}},"_links":{"self":[{"href":"https:\/\/sebareserve.com\/en\/wp-json\/wp\/v2\/pages\/298"}],"collection":[{"href":"https:\/\/sebareserve.com\/en\/wp-json\/wp\/v2\/pages"}],"about":[{"href":"https:\/\/sebareserve.com\/en\/wp-json\/wp\/v2\/types\/page"}],"author":[{"embeddable":true,"href":"https:\/\/sebareserve.com\/en\/wp-json\/wp\/v2\/users\/2"}],"replies":[{"embeddable":true,"href":"https:\/\/sebareserve.com\/en\/wp-json\/wp\/v2\/comments?post=298"}],"version-history":[{"count":19,"href":"https:\/\/sebareserve.com\/en\/wp-json\/wp\/v2\/pages\/298\/revisions"}],"predecessor-version":[{"id":949,"href":"https:\/\/sebareserve.com\/en\/wp-json\/wp\/v2\/pages\/298\/revisions\/949"}],"wp:attachment":[{"href":"https:\/\/sebareserve.com\/en\/wp-json\/wp\/v2\/media?parent=298"}],"curies":[{"name":"wp","href":"https:\/\/api.w.org\/{rel}","templated":true}]}}