{"id":294,"date":"2022-05-05T19:54:47","date_gmt":"2022-05-05T19:54:47","guid":{"rendered":"https:\/\/sebareserve.com\/?page_id=294"},"modified":"2022-09-28T23:03:18","modified_gmt":"2022-09-28T23:03:18","slug":"reserve-location","status":"publish","type":"page","link":"https:\/\/sebareserve.com\/en\/reserve-location\/","title":{"rendered":"LOCATION"},"content":{"rendered":"<div class=\"fusion-fullwidth fullwidth-box fusion-builder-row-1 fusion-flex-container nonhundred-percent-fullwidth non-hundred-percent-height-scrolling fusion-animated\" style=\"background-color: rgba(255,255,255,0);background-position: center center;background-repeat: no-repeat;border-width: 0px 0px 0px 0px;border-color:#e2e2e2;border-style:solid;\" data-animationtype=\"fadeIn\" data-animationduration=\"4.0\" data-animationoffset=\"top-into-view\" ><div class=\"fusion-builder-row fusion-row fusion-flex-align-items-flex-start\" style=\"max-width:1248px;margin-left: calc(-4% \/ 2 );margin-right: calc(-4% \/ 2 );\"><div class=\"fusion-layout-column fusion_builder_column fusion-builder-column-0 fusion_builder_column_1_3 1_3 fusion-flex-column\"><div class=\"fusion-column-wrapper fusion-flex-justify-content-flex-start fusion-content-layout-column\" style=\"background-position:left top;background-repeat:no-repeat;-webkit-background-size:cover;-moz-background-size:cover;-o-background-size:cover;background-size:cover;padding: 145px 0px 0px 0px;\"><style type=\"text\/css\">@media only screen and (max-width:1024px) {.fusion-title.fusion-title-1{margin-top:10px!important; margin-right:0px!important;margin-bottom:15px!important;margin-left:0px!important;}}@media only screen and (max-width:640px) {.fusion-title.fusion-title-1{margin-top:10px!important; margin-right:0px!important;margin-bottom:10px!important; margin-left:0px!important;}}<\/style><div class=\"fusion-title title fusion-title-1 fusion-no-medium-visibility fusion-no-large-visibility fusion-sep-none fusion-title-center fusion-title-text fusion-title-size-one\" style=\"font-size:27PX;margin-top:10px;margin-right:0px;margin-bottom:15px;margin-left:0px;\"><h1 class=\"title-heading-center\" style=\"font-family:&quot;Times Roman 01&quot;;margin:0;font-size:1em;letter-spacing:1.5px;text-transform:uppercase;color:#9d8560;\"><div style=\"text-align: left;\"><span style=\"font-size: 1em; font-style: var(--h1_typography-font-style,normal);\">LOCATION<\/span><\/div><\/h1><\/div><div class=\"fusion-separator fusion-full-width-sep\" style=\"align-self: center;margin-left: auto;margin-right: auto;flex-grow:2;width:100%;\"><div class=\"fusion-separator-border sep-single sep-solid\" style=\"border-color:#9e8660;border-top-width:4px;\"><\/div><\/div><div class=\"fusion-text fusion-text-1\" style=\"color:#858686;font-family:&quot;Times Roman 01&quot;;margin-top:20px;margin-left:20px;\"><p style=\"text-align: left; line-height: 6px;\" data-fusion-font=\"true\">Istanbul Airport\u00a0 \u00a0 \u00a0 \u00a0 \u00a0 \u00a0 \u00a0 \u00a0         30 mins<\/p>\n<p style=\"line-height: 6px;\" data-fusion-font=\"true\">Maslak\u00a0 \u00a0 \u00a0 \u00a0 \u00a0 \u00a0 \u00a0 \u00a0 \u00a0 \u00a0 \u00a0 \u00a0 \u00a0 \u00a0 \u00a0 25 mins<\/p>\n<p style=\"line-height: 6px;\" data-fusion-font=\"true\">Levent\u00a0 \u00a0 \u00a0 \u00a0 \u00a0 \u00a0 \u00a0 \u00a0 \u00a0 \u00a0 \u00a0 \u00a0 \u00a0 \u00a0 \u00a0 \u00a027 mins<\/p>\n<p style=\"line-height: 6px;\" data-fusion-font=\"true\">FSM Bridge\u00a0 \u00a0 \u00a0 \u00a0 \u00a0 \u00a0 \u00a0 \u00a0 \u00a0 \u00a0 \u00a0 20 mins<\/p>\n<p style=\"line-height: 6px;\" data-fusion-font=\"true\">15 Temmuz Bridge          \u00a0 \u00a0 \u00a0 \u00a0 \u00a0 30 mins<\/p>\n<p style=\"text-align: justify; line-height: 6px;\" data-fusion-font=\"true\">Belgrade Forest\u00a0 \u00a0 \u00a0 \u00a0 \u00a0 \u00a0 \u00a0 \u00a0 \u00a025 mins<\/p>\n<\/div><div class=\"fusion-separator fusion-full-width-sep\" style=\"align-self: center;margin-left: auto;margin-right: auto;flex-grow:2;width:100%;\"><div class=\"fusion-separator-border sep-single sep-solid\" style=\"border-color:#9e8660;border-top-width:4px;\"><\/div><\/div><style type=\"text\/css\">@media only screen and (max-width:1024px) {.fusion-title.fusion-title-2{margin-top:10px!important; margin-right:0px!important;margin-bottom:15px!important;margin-left:0px!important;}}@media only screen and (max-width:640px) {.fusion-title.fusion-title-2{margin-top:10px!important; margin-right:0px!important;margin-bottom:10px!important; margin-left:0px!important;}}<\/style><div class=\"fusion-title title fusion-title-2 fusion-sep-none fusion-title-text fusion-title-size-one\" style=\"margin-top:10px;margin-right:0px;margin-bottom:15px;margin-left:0px;\"><h1 class=\"title-heading-left\" style=\"font-family:&quot;Times Roman 01&quot;;margin:0;\"><\/h1><\/div><\/div><style type=\"text\/css\">.fusion-body .fusion-builder-column-0{width:33.333333333333% !important;margin-top : 0px;margin-bottom : 20px;}.fusion-builder-column-0 > .fusion-column-wrapper {padding-top : 145px !important;padding-right : 0px !important;margin-right : 24.48%;padding-bottom : 0px !important;padding-left : 0px !important;margin-left : 5.76%;}@media only screen and (max-width:1024px) {.fusion-body .fusion-builder-column-0{width:33.333333333333% !important;order : 0;}.fusion-builder-column-0 > .fusion-column-wrapper {margin-right : 24.48%;margin-left : 5.76%;}}@media only screen and (max-width:640px) {.fusion-body .fusion-builder-column-0{width:100% !important;order : 0;margin-top : 60px;margin-bottom : 23px;}.fusion-builder-column-0 > .fusion-column-wrapper {padding-top : 0px !important;padding-right : 29px !important;margin-right : 1.92%;padding-left : 21px !important;margin-left : 1.92%;}}<\/style><\/div><div class=\"fusion-layout-column fusion_builder_column fusion-builder-column-1 fusion_builder_column_2_3 2_3 fusion-flex-column\"><div class=\"fusion-column-wrapper fusion-flex-justify-content-flex-start fusion-content-layout-column\" style=\"background-position:left top;background-repeat:no-repeat;-webkit-background-size:cover;-moz-background-size:cover;-o-background-size:cover;background-size:cover;padding: 0px 0px 0px 0px;\"><div ><span class=\"fusion-imageframe imageframe-none imageframe-1 hover-type-none\"><img width=\"5179\" height=\"3194\" alt=\"Seba Reserve Lokasyon\" title=\"Seba Reserve Evleri\" src=\"https:\/\/sebareserve.com\/wp-content\/uploads\/2022\/05\/Asset-1@20x-5.png\" class=\"img-responsive wp-image-847\"\/><\/span><\/div><\/div><style type=\"text\/css\">.fusion-body .fusion-builder-column-1{width:66.666666666667% !important;margin-top : 0px;margin-bottom : 371px;}.fusion-builder-column-1 > .fusion-column-wrapper {padding-top : 0px !important;padding-right : 0px !important;margin-right : 0%;padding-bottom : 0px !important;padding-left : 0px !important;margin-left : 2.88%;}@media only screen and (max-width:1024px) {.fusion-body .fusion-builder-column-1{width:66.666666666667% !important;order : 0;}.fusion-builder-column-1 > .fusion-column-wrapper {margin-right : 0%;margin-left : 2.88%;}}@media only screen and (max-width:640px) {.fusion-body .fusion-builder-column-1{width:100% !important;order : 0;}.fusion-builder-column-1 > .fusion-column-wrapper {margin-right : 1.92%;padding-left : 8px !important;margin-left : 1.92%;}}<\/style><\/div><\/div><style type=\"text\/css\">.fusion-body .fusion-flex-container.fusion-builder-row-1{ padding-top : 138px;margin-top : 0px;padding-right : 0px;padding-bottom : 0px;margin-bottom : 0px;padding-left : 0px;}@media only screen and (max-width:640px) {.fusion-body .fusion-flex-container.fusion-builder-row-1{ padding-top : 57px;margin-top : 0px;}}<\/style><\/div>","protected":false},"excerpt":{"rendered":"","protected":false},"author":2,"featured_media":0,"parent":0,"menu_order":0,"comment_status":"closed","ping_status":"closed","template":"100-width.php","meta":[],"yoast_head":"<!-- This site is optimized with the Yoast SEO plugin v19.7.1 - https:\/\/yoast.com\/wordpress\/plugins\/seo\/ -->\n<title>Seba Reserve - Lokasyon<\/title>\n<meta name=\"description\" content=\"Seba Reserve G\u00f6kt\u00fcrk, sosyal olanaklar\u0131n \u00e7e\u015fitlili\u011fiyle, \u0130stanbul\u2019un en se\u00e7kin semtlerinden biri haline gelirken, de\u011ferini her g\u00fcn artt\u0131r\u0131yor.\" \/>\n<meta name=\"robots\" content=\"index, follow, max-snippet:-1, max-image-preview:large, max-video-preview:-1\" \/>\n<link rel=\"canonical\" href=\"https:\/\/sebareserve.com\/en\/reserve-location\/\" \/>\n<meta property=\"og:locale\" content=\"en_GB\" \/>\n<meta property=\"og:type\" content=\"article\" \/>\n<meta property=\"og:title\" content=\"Seba Reserve - Lokasyon\" \/>\n<meta property=\"og:description\" content=\"Seba Reserve G\u00f6kt\u00fcrk, sosyal olanaklar\u0131n \u00e7e\u015fitlili\u011fiyle, \u0130stanbul\u2019un en se\u00e7kin semtlerinden biri haline gelirken, de\u011ferini her g\u00fcn artt\u0131r\u0131yor.\" \/>\n<meta property=\"og:url\" content=\"https:\/\/sebareserve.com\/en\/reserve-location\/\" \/>\n<meta property=\"og:site_name\" content=\"Seba Reserve\" \/>\n<meta property=\"article:publisher\" content=\"https:\/\/www.facebook.com\/sebainsaat\" \/>\n<meta property=\"article:modified_time\" content=\"2022-09-28T23:03:18+00:00\" \/>\n<meta name=\"twitter:card\" content=\"summary_large_image\" \/>\n<meta name=\"twitter:label1\" content=\"Estimated reading time\" \/>\n\t<meta name=\"twitter:data1\" content=\"2 minutes\" \/>\n<script type=\"application\/ld+json\" class=\"yoast-schema-graph\">{\"@context\":\"https:\/\/schema.org\",\"@graph\":[{\"@type\":\"WebPage\",\"@id\":\"https:\/\/sebareserve.com\/reserve-location\/\",\"url\":\"https:\/\/sebareserve.com\/reserve-location\/\",\"name\":\"Seba Reserve - Lokasyon\",\"isPartOf\":{\"@id\":\"https:\/\/sebareserve.com\/#website\"},\"datePublished\":\"2022-05-05T19:54:47+00:00\",\"dateModified\":\"2022-09-28T23:03:18+00:00\",\"description\":\"Seba Reserve G\u00f6kt\u00fcrk, sosyal olanaklar\u0131n \u00e7e\u015fitlili\u011fiyle, \u0130stanbul\u2019un en se\u00e7kin semtlerinden biri haline gelirken, de\u011ferini her g\u00fcn artt\u0131r\u0131yor.\",\"breadcrumb\":{\"@id\":\"https:\/\/sebareserve.com\/reserve-location\/#breadcrumb\"},\"inLanguage\":\"en-GB\",\"potentialAction\":[{\"@type\":\"ReadAction\",\"target\":[\"https:\/\/sebareserve.com\/reserve-location\/\"]}]},{\"@type\":\"BreadcrumbList\",\"@id\":\"https:\/\/sebareserve.com\/reserve-location\/#breadcrumb\",\"itemListElement\":[{\"@type\":\"ListItem\",\"position\":1,\"name\":\"Home\",\"item\":\"https:\/\/sebareserve.com\/\"},{\"@type\":\"ListItem\",\"position\":2,\"name\":\"LOKASYON\"}]},{\"@type\":\"WebSite\",\"@id\":\"https:\/\/sebareserve.com\/#website\",\"url\":\"https:\/\/sebareserve.com\/\",\"name\":\"Seba Reserve\",\"description\":\"Seba Reserve\",\"publisher\":{\"@id\":\"https:\/\/sebareserve.com\/#organization\"},\"potentialAction\":[{\"@type\":\"SearchAction\",\"target\":{\"@type\":\"EntryPoint\",\"urlTemplate\":\"https:\/\/sebareserve.com\/?s={search_term_string}\"},\"query-input\":\"required name=search_term_string\"}],\"inLanguage\":\"en-GB\"},{\"@type\":\"Organization\",\"@id\":\"https:\/\/sebareserve.com\/#organization\",\"name\":\"Seba Reserve G\u00f6kt\u00fcrk\",\"url\":\"https:\/\/sebareserve.com\/\",\"sameAs\":[\"https:\/\/www.instagram.com\/sebainsaat\/\",\"https:\/\/tr.linkedin.com\/company\/seba-inaat\",\"https:\/\/www.facebook.com\/sebainsaat\"],\"logo\":{\"@type\":\"ImageObject\",\"inLanguage\":\"en-GB\",\"@id\":\"https:\/\/sebareserve.com\/#\/schema\/logo\/image\/\",\"url\":\"https:\/\/sebareserve.com\/wp-content\/uploads\/2022\/05\/Asset-1@20x-1.png\",\"contentUrl\":\"https:\/\/sebareserve.com\/wp-content\/uploads\/2022\/05\/Asset-1@20x-1.png\",\"width\":1644,\"height\":310,\"caption\":\"Seba Reserve G\u00f6kt\u00fcrk\"},\"image\":{\"@id\":\"https:\/\/sebareserve.com\/#\/schema\/logo\/image\/\"}}]}<\/script>\n<!-- \/ Yoast SEO plugin. -->","yoast_head_json":{"title":"Seba Reserve - Lokasyon","description":"Seba Reserve G\u00f6kt\u00fcrk, sosyal olanaklar\u0131n \u00e7e\u015fitlili\u011fiyle, \u0130stanbul\u2019un en se\u00e7kin semtlerinden biri haline gelirken, de\u011ferini her g\u00fcn artt\u0131r\u0131yor.","robots":{"index":"index","follow":"follow","max-snippet":"max-snippet:-1","max-image-preview":"max-image-preview:large","max-video-preview":"max-video-preview:-1"},"canonical":"https:\/\/sebareserve.com\/en\/reserve-location\/","og_locale":"en_GB","og_type":"article","og_title":"Seba Reserve - Lokasyon","og_description":"Seba Reserve G\u00f6kt\u00fcrk, sosyal olanaklar\u0131n \u00e7e\u015fitlili\u011fiyle, \u0130stanbul\u2019un en se\u00e7kin semtlerinden biri haline gelirken, de\u011ferini her g\u00fcn artt\u0131r\u0131yor.","og_url":"https:\/\/sebareserve.com\/en\/reserve-location\/","og_site_name":"Seba Reserve","article_publisher":"https:\/\/www.facebook.com\/sebainsaat","article_modified_time":"2022-09-28T23:03:18+00:00","twitter_card":"summary_large_image","twitter_misc":{"Estimated reading time":"2 minutes"},"schema":{"@context":"https:\/\/schema.org","@graph":[{"@type":"WebPage","@id":"https:\/\/sebareserve.com\/reserve-location\/","url":"https:\/\/sebareserve.com\/reserve-location\/","name":"Seba Reserve - Lokasyon","isPartOf":{"@id":"https:\/\/sebareserve.com\/#website"},"datePublished":"2022-05-05T19:54:47+00:00","dateModified":"2022-09-28T23:03:18+00:00","description":"Seba Reserve G\u00f6kt\u00fcrk, sosyal olanaklar\u0131n \u00e7e\u015fitlili\u011fiyle, \u0130stanbul\u2019un en se\u00e7kin semtlerinden biri haline gelirken, de\u011ferini her g\u00fcn artt\u0131r\u0131yor.","breadcrumb":{"@id":"https:\/\/sebareserve.com\/reserve-location\/#breadcrumb"},"inLanguage":"en-GB","potentialAction":[{"@type":"ReadAction","target":["https:\/\/sebareserve.com\/reserve-location\/"]}]},{"@type":"BreadcrumbList","@id":"https:\/\/sebareserve.com\/reserve-location\/#breadcrumb","itemListElement":[{"@type":"ListItem","position":1,"name":"Home","item":"https:\/\/sebareserve.com\/"},{"@type":"ListItem","position":2,"name":"LOKASYON"}]},{"@type":"WebSite","@id":"https:\/\/sebareserve.com\/#website","url":"https:\/\/sebareserve.com\/","name":"Seba Reserve","description":"Seba Reserve","publisher":{"@id":"https:\/\/sebareserve.com\/#organization"},"potentialAction":[{"@type":"SearchAction","target":{"@type":"EntryPoint","urlTemplate":"https:\/\/sebareserve.com\/?s={search_term_string}"},"query-input":"required name=search_term_string"}],"inLanguage":"en-GB"},{"@type":"Organization","@id":"https:\/\/sebareserve.com\/#organization","name":"Seba Reserve G\u00f6kt\u00fcrk","url":"https:\/\/sebareserve.com\/","sameAs":["https:\/\/www.instagram.com\/sebainsaat\/","https:\/\/tr.linkedin.com\/company\/seba-inaat","https:\/\/www.facebook.com\/sebainsaat"],"logo":{"@type":"ImageObject","inLanguage":"en-GB","@id":"https:\/\/sebareserve.com\/#\/schema\/logo\/image\/","url":"https:\/\/sebareserve.com\/wp-content\/uploads\/2022\/05\/Asset-1@20x-1.png","contentUrl":"https:\/\/sebareserve.com\/wp-content\/uploads\/2022\/05\/Asset-1@20x-1.png","width":1644,"height":310,"caption":"Seba Reserve G\u00f6kt\u00fcrk"},"image":{"@id":"https:\/\/sebareserve.com\/#\/schema\/logo\/image\/"}}]}},"_links":{"self":[{"href":"https:\/\/sebareserve.com\/en\/wp-json\/wp\/v2\/pages\/294"}],"collection":[{"href":"https:\/\/sebareserve.com\/en\/wp-json\/wp\/v2\/pages"}],"about":[{"href":"https:\/\/sebareserve.com\/en\/wp-json\/wp\/v2\/types\/page"}],"author":[{"embeddable":true,"href":"https:\/\/sebareserve.com\/en\/wp-json\/wp\/v2\/users\/2"}],"replies":[{"embeddable":true,"href":"https:\/\/sebareserve.com\/en\/wp-json\/wp\/v2\/comments?post=294"}],"version-history":[{"count":44,"href":"https:\/\/sebareserve.com\/en\/wp-json\/wp\/v2\/pages\/294\/revisions"}],"predecessor-version":[{"id":946,"href":"https:\/\/sebareserve.com\/en\/wp-json\/wp\/v2\/pages\/294\/revisions\/946"}],"wp:attachment":[{"href":"https:\/\/sebareserve.com\/en\/wp-json\/wp\/v2\/media?parent=294"}],"curies":[{"name":"wp","href":"https:\/\/api.w.org\/{rel}","templated":true}]}}