{"id":292,"date":"2022-05-05T19:54:08","date_gmt":"2022-05-05T19:54:08","guid":{"rendered":"https:\/\/sebareserve.com\/?page_id=292"},"modified":"2023-03-19T09:50:33","modified_gmt":"2023-03-19T09:50:33","slug":"project-film","status":"publish","type":"page","link":"https:\/\/sebareserve.com\/en\/project-film\/","title":{"rendered":"PROJECT FILM"},"content":{"rendered":"<div class=\"fusion-fullwidth fullwidth-box fusion-builder-row-1 fusion-flex-container nonhundred-percent-fullwidth non-hundred-percent-height-scrolling\" style=\"background-color: rgba(255,255,255,0);background-position: center center;background-repeat: no-repeat;border-width: 0px 0px 0px 0px;border-color:#e2e2e2;border-style:solid;\" ><div class=\"fusion-builder-row fusion-row fusion-flex-align-items-flex-start\" style=\"max-width:1248px;margin-left: calc(-4% \/ 2 );margin-right: calc(-4% \/ 2 );\"><div class=\"fusion-layout-column fusion_builder_column fusion-builder-column-0 fusion_builder_column_1_1 1_1 fusion-flex-column\"><div class=\"fusion-column-wrapper fusion-flex-justify-content-flex-start fusion-content-layout-column\" style=\"background-position:left top;background-repeat:no-repeat;-webkit-background-size:cover;-moz-background-size:cover;-o-background-size:cover;background-size:cover;padding: 50px 0px 0px 0px;\"><div class=\"fusion-video fusion-youtube\" style=\"max-width:1200px;max-height:675px;\" data-autoplay=\"1\"><div class=\"video-shortcode\"><iframe title=\"YouTube video player 1\" src=\"https:\/\/www.youtube.com\/embed\/Ao4HhC5Y7tg?wmode=transparent&autoplay=0&amp;rel=0\" width=\"1200\" height=\"675\" allowfullscreen allow=\"autoplay; fullscreen\"><\/iframe><\/div><\/div><\/div><style type=\"text\/css\">.fusion-body .fusion-builder-column-0{width:100% !important;margin-top : 0px;margin-bottom : 107px;}.fusion-builder-column-0 > .fusion-column-wrapper {padding-top : 50px !important;padding-right : 0px !important;margin-right : 1.92%;padding-bottom : 0px !important;padding-left : 0px !important;margin-left : 1.92%;}@media only screen and (max-width:1024px) {.fusion-body .fusion-builder-column-0{width:100% !important;order : 0;}.fusion-builder-column-0 > .fusion-column-wrapper {margin-right : 1.92%;margin-left : 1.92%;}}@media only screen and (max-width:640px) {.fusion-body .fusion-builder-column-0{width:100% !important;order : 0;}.fusion-builder-column-0 > .fusion-column-wrapper {padding-top : 62px !important;margin-right : 1.92%;margin-left : 1.92%;}}<\/style><\/div><\/div><style type=\"text\/css\">.fusion-body .fusion-flex-container.fusion-builder-row-1{ padding-top : 103px;margin-top : 0px;padding-right : 0px;padding-bottom : 103px;margin-bottom : 0px;padding-left : 0px;}@media only screen and (max-width:640px) {.fusion-body .fusion-flex-container.fusion-builder-row-1{ padding-bottom : 360px;}}<\/style><\/div>","protected":false},"excerpt":{"rendered":"","protected":false},"author":2,"featured_media":0,"parent":0,"menu_order":0,"comment_status":"closed","ping_status":"closed","template":"100-width.php","meta":[],"yoast_head":"<!-- This site is optimized with the Yoast SEO plugin v19.7.1 - https:\/\/yoast.com\/wordpress\/plugins\/seo\/ -->\n<title>Seba Reserve - Proje Filmi<\/title>\n<meta name=\"description\" content=\"Modernizmin stilize bir yorumu ve \u00fcst\u00fcn bir beceriyle i\u015flenmi\u015f mimari tarz\u0131, zamans\u0131zl\u0131k duygusunu yans\u0131t\u0131yor...\" \/>\n<meta name=\"robots\" content=\"index, follow, max-snippet:-1, max-image-preview:large, max-video-preview:-1\" \/>\n<link rel=\"canonical\" href=\"https:\/\/sebareserve.com\/en\/project-film\/\" \/>\n<meta property=\"og:locale\" content=\"en_GB\" \/>\n<meta property=\"og:type\" content=\"article\" \/>\n<meta property=\"og:title\" content=\"Seba Reserve - Proje Filmi\" \/>\n<meta property=\"og:description\" content=\"Modernizmin stilize bir yorumu ve \u00fcst\u00fcn bir beceriyle i\u015flenmi\u015f mimari tarz\u0131, zamans\u0131zl\u0131k duygusunu yans\u0131t\u0131yor...\" \/>\n<meta property=\"og:url\" content=\"https:\/\/sebareserve.com\/en\/project-film\/\" \/>\n<meta property=\"og:site_name\" content=\"Seba Reserve\" \/>\n<meta property=\"article:publisher\" content=\"https:\/\/www.facebook.com\/sebainsaat\" \/>\n<meta property=\"article:modified_time\" content=\"2023-03-19T09:50:33+00:00\" \/>\n<meta name=\"twitter:card\" content=\"summary_large_image\" \/>\n<meta name=\"twitter:label1\" content=\"Estimated reading time\" \/>\n\t<meta name=\"twitter:data1\" content=\"1 minute\" \/>\n<script type=\"application\/ld+json\" class=\"yoast-schema-graph\">{\"@context\":\"https:\/\/schema.org\",\"@graph\":[{\"@type\":\"WebPage\",\"@id\":\"https:\/\/sebareserve.com\/project-film\/\",\"url\":\"https:\/\/sebareserve.com\/project-film\/\",\"name\":\"Seba Reserve - Proje Filmi\",\"isPartOf\":{\"@id\":\"https:\/\/sebareserve.com\/#website\"},\"datePublished\":\"2022-05-05T19:54:08+00:00\",\"dateModified\":\"2023-03-19T09:50:33+00:00\",\"description\":\"Modernizmin stilize bir yorumu ve \u00fcst\u00fcn bir beceriyle i\u015flenmi\u015f mimari tarz\u0131, zamans\u0131zl\u0131k duygusunu yans\u0131t\u0131yor...\",\"breadcrumb\":{\"@id\":\"https:\/\/sebareserve.com\/project-film\/#breadcrumb\"},\"inLanguage\":\"en-GB\",\"potentialAction\":[{\"@type\":\"ReadAction\",\"target\":[\"https:\/\/sebareserve.com\/project-film\/\"]}]},{\"@type\":\"BreadcrumbList\",\"@id\":\"https:\/\/sebareserve.com\/project-film\/#breadcrumb\",\"itemListElement\":[{\"@type\":\"ListItem\",\"position\":1,\"name\":\"Home\",\"item\":\"https:\/\/sebareserve.com\/\"},{\"@type\":\"ListItem\",\"position\":2,\"name\":\"PROJE F\u0130LM\u0130\"}]},{\"@type\":\"WebSite\",\"@id\":\"https:\/\/sebareserve.com\/#website\",\"url\":\"https:\/\/sebareserve.com\/\",\"name\":\"Seba Reserve\",\"description\":\"Seba Reserve\",\"publisher\":{\"@id\":\"https:\/\/sebareserve.com\/#organization\"},\"potentialAction\":[{\"@type\":\"SearchAction\",\"target\":{\"@type\":\"EntryPoint\",\"urlTemplate\":\"https:\/\/sebareserve.com\/?s={search_term_string}\"},\"query-input\":\"required name=search_term_string\"}],\"inLanguage\":\"en-GB\"},{\"@type\":\"Organization\",\"@id\":\"https:\/\/sebareserve.com\/#organization\",\"name\":\"Seba Reserve G\u00f6kt\u00fcrk\",\"url\":\"https:\/\/sebareserve.com\/\",\"sameAs\":[\"https:\/\/www.instagram.com\/sebainsaat\/\",\"https:\/\/tr.linkedin.com\/company\/seba-inaat\",\"https:\/\/www.facebook.com\/sebainsaat\"],\"logo\":{\"@type\":\"ImageObject\",\"inLanguage\":\"en-GB\",\"@id\":\"https:\/\/sebareserve.com\/#\/schema\/logo\/image\/\",\"url\":\"https:\/\/sebareserve.com\/wp-content\/uploads\/2022\/05\/Asset-1@20x-1.png\",\"contentUrl\":\"https:\/\/sebareserve.com\/wp-content\/uploads\/2022\/05\/Asset-1@20x-1.png\",\"width\":1644,\"height\":310,\"caption\":\"Seba Reserve G\u00f6kt\u00fcrk\"},\"image\":{\"@id\":\"https:\/\/sebareserve.com\/#\/schema\/logo\/image\/\"}}]}<\/script>\n<!-- \/ Yoast SEO plugin. -->","yoast_head_json":{"title":"Seba Reserve - Proje Filmi","description":"Modernizmin stilize bir yorumu ve \u00fcst\u00fcn bir beceriyle i\u015flenmi\u015f mimari tarz\u0131, zamans\u0131zl\u0131k duygusunu yans\u0131t\u0131yor...","robots":{"index":"index","follow":"follow","max-snippet":"max-snippet:-1","max-image-preview":"max-image-preview:large","max-video-preview":"max-video-preview:-1"},"canonical":"https:\/\/sebareserve.com\/en\/project-film\/","og_locale":"en_GB","og_type":"article","og_title":"Seba Reserve - Proje Filmi","og_description":"Modernizmin stilize bir yorumu ve \u00fcst\u00fcn bir beceriyle i\u015flenmi\u015f mimari tarz\u0131, zamans\u0131zl\u0131k duygusunu yans\u0131t\u0131yor...","og_url":"https:\/\/sebareserve.com\/en\/project-film\/","og_site_name":"Seba Reserve","article_publisher":"https:\/\/www.facebook.com\/sebainsaat","article_modified_time":"2023-03-19T09:50:33+00:00","twitter_card":"summary_large_image","twitter_misc":{"Estimated reading time":"1 minute"},"schema":{"@context":"https:\/\/schema.org","@graph":[{"@type":"WebPage","@id":"https:\/\/sebareserve.com\/project-film\/","url":"https:\/\/sebareserve.com\/project-film\/","name":"Seba Reserve - Proje Filmi","isPartOf":{"@id":"https:\/\/sebareserve.com\/#website"},"datePublished":"2022-05-05T19:54:08+00:00","dateModified":"2023-03-19T09:50:33+00:00","description":"Modernizmin stilize bir yorumu ve \u00fcst\u00fcn bir beceriyle i\u015flenmi\u015f mimari tarz\u0131, zamans\u0131zl\u0131k duygusunu yans\u0131t\u0131yor...","breadcrumb":{"@id":"https:\/\/sebareserve.com\/project-film\/#breadcrumb"},"inLanguage":"en-GB","potentialAction":[{"@type":"ReadAction","target":["https:\/\/sebareserve.com\/project-film\/"]}]},{"@type":"BreadcrumbList","@id":"https:\/\/sebareserve.com\/project-film\/#breadcrumb","itemListElement":[{"@type":"ListItem","position":1,"name":"Home","item":"https:\/\/sebareserve.com\/"},{"@type":"ListItem","position":2,"name":"PROJE F\u0130LM\u0130"}]},{"@type":"WebSite","@id":"https:\/\/sebareserve.com\/#website","url":"https:\/\/sebareserve.com\/","name":"Seba Reserve","description":"Seba Reserve","publisher":{"@id":"https:\/\/sebareserve.com\/#organization"},"potentialAction":[{"@type":"SearchAction","target":{"@type":"EntryPoint","urlTemplate":"https:\/\/sebareserve.com\/?s={search_term_string}"},"query-input":"required name=search_term_string"}],"inLanguage":"en-GB"},{"@type":"Organization","@id":"https:\/\/sebareserve.com\/#organization","name":"Seba Reserve G\u00f6kt\u00fcrk","url":"https:\/\/sebareserve.com\/","sameAs":["https:\/\/www.instagram.com\/sebainsaat\/","https:\/\/tr.linkedin.com\/company\/seba-inaat","https:\/\/www.facebook.com\/sebainsaat"],"logo":{"@type":"ImageObject","inLanguage":"en-GB","@id":"https:\/\/sebareserve.com\/#\/schema\/logo\/image\/","url":"https:\/\/sebareserve.com\/wp-content\/uploads\/2022\/05\/Asset-1@20x-1.png","contentUrl":"https:\/\/sebareserve.com\/wp-content\/uploads\/2022\/05\/Asset-1@20x-1.png","width":1644,"height":310,"caption":"Seba Reserve G\u00f6kt\u00fcrk"},"image":{"@id":"https:\/\/sebareserve.com\/#\/schema\/logo\/image\/"}}]}},"_links":{"self":[{"href":"https:\/\/sebareserve.com\/en\/wp-json\/wp\/v2\/pages\/292"}],"collection":[{"href":"https:\/\/sebareserve.com\/en\/wp-json\/wp\/v2\/pages"}],"about":[{"href":"https:\/\/sebareserve.com\/en\/wp-json\/wp\/v2\/types\/page"}],"author":[{"embeddable":true,"href":"https:\/\/sebareserve.com\/en\/wp-json\/wp\/v2\/users\/2"}],"replies":[{"embeddable":true,"href":"https:\/\/sebareserve.com\/en\/wp-json\/wp\/v2\/comments?post=292"}],"version-history":[{"count":30,"href":"https:\/\/sebareserve.com\/en\/wp-json\/wp\/v2\/pages\/292\/revisions"}],"predecessor-version":[{"id":952,"href":"https:\/\/sebareserve.com\/en\/wp-json\/wp\/v2\/pages\/292\/revisions\/952"}],"wp:attachment":[{"href":"https:\/\/sebareserve.com\/en\/wp-json\/wp\/v2\/media?parent=292"}],"curies":[{"name":"wp","href":"https:\/\/api.w.org\/{rel}","templated":true}]}}